{"id":663,"date":"2019-01-24T00:23:37","date_gmt":"2019-01-24T08:23:37","guid":{"rendered":"https:\/\/tacomatenants.org\/?page_id=663"},"modified":"2026-03-10T11:58:55","modified_gmt":"2026-03-10T18:58:55","slug":"statewide-housing-justice-platform","status":"publish","type":"page","link":"https:\/\/tacomatenants.org\/es\/statewide-housing-justice-platform\/","title":{"rendered":"2019: Statewide Housing Justice Platform"},"content":{"rendered":"<p><em>(This post is from the archive. We will be creating a more detailed history of TTOC soon)<\/em><\/p>\n\n\n\n<p><a href=\"https:\/\/tacomatenants.org\/wp-content\/uploads\/2019\/01\/TTOC-Statewide-Housing-Justice-Platform.pdf\">Statewide Housing Justice Platform\u00a0(click\u00a0to\u00a0download\u00a0in\u00a0Englisth)<\/a><\/p>\n\n\n\n<p><a href=\"https:\/\/tacomatenants.org\/wp-content\/uploads\/2019\/01\/Plataforma.pdf\">(Descargar archivo en espa\u00f1ol)<\/a><\/p>\n\n\n\n<p><\/p>\n\n\n\n<p>El Comit\u00e9 Organizador de Inquilinos de Tacoma, dirigido por los residentes de Tiki Apartment desplazados, recientemente se organiz\u00f3 para ganar una serie de protecciones para inquilinos en Tacoma, a partir del 1 de febrero de 2019. Continuamos luchando por m\u00e1s protecciones para todos los inquilinos en todo Washington convocando a la legislatura estatal para hacer lo siguiente: <\/p>\n\n\n\n<p><strong>Afirmar y hacer cumplir el derecho humano a la vivienda:<\/strong> <\/p>\n\n\n\n<ul class=\"wp-block-list\">\n<li>Codificar la vivienda como un derecho humano en ley,<\/li>\n\n\n\n<li>Crear una agencia de cumplimiento en todo el estado, <\/li>\n\n\n\n<li>Establecer un consejo de inquilinos en todo el estado para ayudar a reescribir las leyes de inquilinos de propietarios.<\/li>\n<\/ul>\n\n\n\n<p><strong>Mantenga a los inquilinos en sus hogares con las reformas necesarias de desalojo, control de alquileres y otras protecciones<\/strong>: <\/p>\n\n\n\n<ul class=\"wp-block-list\">\n<li>La protecci\u00f3n por desalojo de Causa Justa (que requiere que los propietarios proporcionen una raz\u00f3n leg\u00edtima para rescindir la tenencia),<\/li>\n\n\n\n<li>L\u00edmites en los aumentos de renta y avisos de 60 d\u00edas para cualquier aumento,<\/li>\n\n\n\n<li>Tiempo extendido para pagar el alquiler (de 3 a 21 d\u00edas),<\/li>\n\n\n\n<li>Judicial discretion in the interest of justice (for example, tenants facing extenuating circumstances can avoid eviction through payment plans), <\/li>\n\n\n\n<li>No hay represalias por organizar compa\u00f1eros inquilinos,<\/li>\n\n\n\n<li>Aviso extendido para terminaciones con causa,<\/li>\n\n\n\n<li>Asistencia de reubicaci\u00f3n,<\/li>\n\n\n\n<li>Pagos a plazos para los costos de mudanza,<\/li>\n\n\n\n<li>Un sistema centralizado y m\u00e1s justo para verificar el historial de cr\u00e9dito.<\/li>\n<\/ul>\n\n\n\n<p><strong>Financiar de vivienda de bajos ingresos.<\/strong> <strong>y priorizar las inversiones en viviendas de propiedad p\u00fablica:<\/strong> <\/p>\n\n\n\n<ul class=\"wp-block-list\">\n<li>Impuesto sobre el consumo inmobiliario progresivo (REET) sobre la venta de propiedades,<\/li>\n\n\n\n<li>Retener una parte del impuesto a las ventas a nivel local,<\/li>\n\n\n\n<li>Dedicar terrenos p\u00fablicos para vivienda p\u00fablica y de bajos ingresos,<\/li>\n\n\n\n<li>Invertir en el Fondo Fiduciario de Vivienda del presupuesto de capital.<\/li>\n<\/ul>\n\n\n\n<p><strong>Asegurar que la vivienda sea accesible y est\u00e9 disponible<\/strong>: <\/p>\n\n\n\n<ul class=\"wp-block-list\">\n<li> Requerir a los desarrolladores que construyan viviendas de bajos ingresos cerca del tr\u00e1nsito y en \u00e1reas de alta oportunidad,<\/li>\n\n\n\n<li>Proporcionar viviendas adecuadas para personas con discapacidad,<\/li>\n\n\n\n<li>Ampliar el Programa de Vivienda y Necesidades Esenciales. <\/li>\n<\/ul>\n\n\n\n<p>Estos cambios no solo promover\u00e1n una vivienda segura, asequible y estable, sino que tambi\u00e9n abordar\u00e1n la crisis humanitaria y de salud p\u00fablica de las personas sin hogar, que debe ser priorizada por nuestra legislatura. <\/p>\n\n\n\n<p><\/p>","protected":false},"excerpt":{"rendered":"<p>(This post is from the archive. We will be creating a more detailed history of TTOC soon) Statewide Housing Justice Platform\u00a0(click\u00a0to\u00a0download\u00a0in\u00a0Englisth) (Descargar archivo en espa\u00f1ol) The Tacoma Tenants Organizing Committee, [&hellip;]<\/p>\n","protected":false},"author":1,"featured_media":0,"parent":0,"menu_order":0,"comment_status":"closed","ping_status":"closed","template":"","meta":{"_themeisle_gutenberg_block_has_review":false,"footnotes":""},"class_list":["post-663","page","type-page","status-publish","hentry"],"_links":{"self":[{"href":"https:\/\/tacomatenants.org\/es\/wp-json\/wp\/v2\/pages\/663","targetHints":{"allow":["GET"]}}],"collection":[{"href":"https:\/\/tacomatenants.org\/es\/wp-json\/wp\/v2\/pages"}],"about":[{"href":"https:\/\/tacomatenants.org\/es\/wp-json\/wp\/v2\/types\/page"}],"author":[{"embeddable":true,"href":"https:\/\/tacomatenants.org\/es\/wp-json\/wp\/v2\/users\/1"}],"replies":[{"embeddable":true,"href":"https:\/\/tacomatenants.org\/es\/wp-json\/wp\/v2\/comments?post=663"}],"version-history":[{"count":8,"href":"https:\/\/tacomatenants.org\/es\/wp-json\/wp\/v2\/pages\/663\/revisions"}],"predecessor-version":[{"id":1062,"href":"https:\/\/tacomatenants.org\/es\/wp-json\/wp\/v2\/pages\/663\/revisions\/1062"}],"wp:attachment":[{"href":"https:\/\/tacomatenants.org\/es\/wp-json\/wp\/v2\/media?parent=663"}],"curies":[{"name":"wp","href":"https:\/\/api.w.org\/{rel}","templated":true}]}}