{"id":51,"date":"2018-11-15T14:51:19","date_gmt":"2018-11-15T22:51:19","guid":{"rendered":"https:\/\/tacomatenants.org\/?page_id=51"},"modified":"2026-03-10T11:52:59","modified_gmt":"2026-03-10T18:52:59","slug":"in-the-news","status":"publish","type":"page","link":"https:\/\/tacomatenants.org\/es\/in-the-news\/","title":{"rendered":"2018: TTOC In the News"},"content":{"rendered":"<p><em>(This post is from the archive. We will be creating a more detailed history of TTOC soon)<\/em><\/p>\n<h4><a href=\"https:\/\/www.thenewstribune.com\/opinion\/editorials\/article222066210.html\">The Tacoma News Tribune Editorial &#8211; Thanksgiving 2018<\/a><\/h4>\n<p>&#8220;Tacoma renters with low to moderate incomes are finding themselves increasingly at the mercy of landlords willing to take advantage of our region\u2019s competitive housing market. It\u2019s why a new city ordinance tops our list of things to be grateful for this Thanksgiving. &#8220;<\/p>\n<hr \/>\n<h4><a href=\"https:\/\/u1584542.ct.sendgrid.net\/mpss\/c\/HgE\/ni0YAA\/t.2mw\/0vY85BFUQlejOIqQD6RLZg\/h3\/qraQK5CTrtNsZDXu6vg5qsVCrqlj-2FFl031ZbrHToDGVxc9ky8TqBMIGTpDl2YkZXNEJL8N8xBfISB2-2FFMEGDUsX-2FOvJktjlV-2F9xLSDV0cQFb8QcDP35xn-2FCyPWyR48phi7JoJlvJsJnwvQWccYg-2F5Usbsj7pAAzlRIjS4KPd5cCkso4-2Bbqxijxa3LTnUtxxc8feIFewS45Z1pgXz3osbIp5qPDywTHm4uCuO95pt7t5h5vO9UcasDQ0in0CeQQRcd9G3rwubQXz1FWfVT313FfY6LaGB9QEDFKNdmMJgCko0mncfPnzq69dt5xCT5Z0S67B3nmczpBswX-2BoxGwWWkXiwJ4cWcjnbz9NXtB9g9JwAij-2F9zoKpmdMiEEi7EPqD9bQ1Bm6RGy3KaIf4fLpKIAayVKyKjQc1jdvVwrHLtkIOIwjILQM93kG47mOwMr2m\" target=\"_blank\" rel=\"noopener\" data-saferedirecturl=\"https:\/\/www.google.com\/url?q=https:\/\/u1584542.ct.sendgrid.net\/mpss\/c\/HgE\/ni0YAA\/t.2mw\/0vY85BFUQlejOIqQD6RLZg\/h3\/qraQK5CTrtNsZDXu6vg5qsVCrqlj-2FFl031ZbrHToDGVxc9ky8TqBMIGTpDl2YkZXNEJL8N8xBfISB2-2FFMEGDUsX-2FOvJktjlV-2F9xLSDV0cQFb8QcDP35xn-2FCyPWyR48phi7JoJlvJsJnwvQWccYg-2F5Usbsj7pAAzlRIjS4KPd5cCkso4-2Bbqxijxa3LTnUtxxc8feIFewS45Z1pgXz3osbIp5qPDywTHm4uCuO95pt7t5h5vO9UcasDQ0in0CeQQRcd9G3rwubQXz1FWfVT313FfY6LaGB9QEDFKNdmMJgCko0mncfPnzq69dt5xCT5Z0S67B3nmczpBswX-2BoxGwWWkXiwJ4cWcjnbz9NXtB9g9JwAij-2F9zoKpmdMiEEi7EPqD9bQ1Bm6RGy3KaIf4fLpKIAayVKyKjQc1jdvVwrHLtkIOIwjILQM93kG47mOwMr2m&amp;source=gmail&amp;ust=1543348660859000&amp;usg=AFQjCNHO1dFCJEjK8RWP4xZznezPnvSbrg\">El Consejo aprueba el paquete de derechos de inquilinos<br \/>Grupo de derechos de inquilinos establece vistas en m\u00e1s cambios<br \/>By Steven Dunkelberger &#8211; November 21, 2018 \u00a0 Tacoma Weekly<\/a><\/h4>\n<p>\"El grupo planea defender el tema en el pr\u00f3ximo a\u00f1o, tanto dentro de la ciudad como con los legisladores estatales durante la pr\u00f3xima sesi\u00f3n legislativa, con el argumento de que las pol\u00edticas de causa justa son necesarias para evitar que los propietarios discriminen contra los inquilinos\".<\/p>\n<hr \/>\n<h4><a href=\"https:\/\/komonews.com\/news\/local\/former-tiki-tenants-urge-passage-of-renters-protections-in-tacoma?fbclid=IwAR35f2v9_k_rr87ac4SomEJfPqIPA6dIvOFsJ1BEWnFn-_TrxNk99VlMPiE\">KOMO News: los inquilinos anteriores de Tiki celebran el paso de las protecciones de los inquilinos en Tacoma<\/a><\/h4>\n<p>Los antiguos inquilinos de los apartamentos Tiki de Tacoma dicen que es hora de celebrar. El Consejo de la ciudad de Tacoma ha aprobado un\u00e1nimemente un gran cambio en la forma en que los inquilinos de bajos ingresos son tratados.<\/p>\n<h4><a href=\"https:\/\/www.thenewstribune.com\/news\/local\/news-columns-blogs\/matt-driscoll\/article221551605.html\">Tacoma finalmente est\u00e1 preparada para aprobar protecciones significativas para inquilinos. Los activistas merecen el cr\u00e9dito.<\/a><\/h4>\n<p>BY MATT DRISCOLL, The News Tribune NOVEMBER 12, 2018<br \/>Aqu\u00ed est\u00e1 lo que es cristalino, sin embargo: rentadores-convertido-activistas como Donna Seay son la raz\u00f3n por la que Tacoma est\u00e1 dispuesta a aprobar una serie de nuevas reglas y regulaciones que har\u00e1n la vida m\u00e1s segura para los inquilinos que navegan por el vol\u00e1til paisaje de la ciudad.<\/p>\n<hr \/>\n<h4 class=\"entry-title\"><a href=\"https:\/\/tacomaweekly.com\/guest-editorial\/displaced-tiki-apartment-residents-mobilize-with-tacoma-tenants-to-secure-housing-in-new-agreement\/\">Desplazados Tiki Apartment los residentes se movilizan con los inquilinos de Tacoma para asegurar la vivienda en nuevo acuerdo.<\/a><\/h4>\n<hr \/>\n<h4 class=\"entry-title\"><a href=\"https:\/\/medium.com\/@zpzpzpzpzpzpzpzp\/housing-justice-and-injustice-in-tacoma-wa-9f7a03496d23\" target=\"_blank\" rel=\"noopener\">Vivienda justicia e injusticia en Tacoma, WA<\/a><\/h4>\n<hr \/>\n<h4 class=\"entry-title\"><a title=\"Permanent Link to ILWU members help tenants fight evictions and build power in Tacoma\" href=\"https:\/\/www.ilwu.org\/ilwu-members-help-tenants-fight-evictions-and-build-power-in-tacoma\/\" rel=\"bookmark\">Miembros de ILWU ayudan a los inquilinos a luchar contra desalojos y construir energ\u00eda en Tacoma<\/a><\/h4>\n\n\n<p><\/p>","protected":false},"excerpt":{"rendered":"<p>(This post is from the archive. We will be creating a more detailed history of TTOC soon) The Tacoma News Tribune Editorial &#8211; Thanksgiving 2018 &#8220;Tacoma renters with low to [&hellip;]<\/p>\n","protected":false},"author":1,"featured_media":0,"parent":0,"menu_order":0,"comment_status":"closed","ping_status":"closed","template":"","meta":{"_themeisle_gutenberg_block_has_review":false,"footnotes":""},"class_list":["post-51","page","type-page","status-publish","hentry"],"_links":{"self":[{"href":"https:\/\/tacomatenants.org\/es\/wp-json\/wp\/v2\/pages\/51","targetHints":{"allow":["GET"]}}],"collection":[{"href":"https:\/\/tacomatenants.org\/es\/wp-json\/wp\/v2\/pages"}],"about":[{"href":"https:\/\/tacomatenants.org\/es\/wp-json\/wp\/v2\/types\/page"}],"author":[{"embeddable":true,"href":"https:\/\/tacomatenants.org\/es\/wp-json\/wp\/v2\/users\/1"}],"replies":[{"embeddable":true,"href":"https:\/\/tacomatenants.org\/es\/wp-json\/wp\/v2\/comments?post=51"}],"version-history":[{"count":10,"href":"https:\/\/tacomatenants.org\/es\/wp-json\/wp\/v2\/pages\/51\/revisions"}],"predecessor-version":[{"id":1060,"href":"https:\/\/tacomatenants.org\/es\/wp-json\/wp\/v2\/pages\/51\/revisions\/1060"}],"wp:attachment":[{"href":"https:\/\/tacomatenants.org\/es\/wp-json\/wp\/v2\/media?parent=51"}],"curies":[{"name":"wp","href":"https:\/\/api.w.org\/{rel}","templated":true}]}}