{"id":1035,"date":"2026-03-09T14:19:29","date_gmt":"2026-03-09T21:19:29","guid":{"rendered":"https:\/\/tacomatenants.org\/?page_id=1035"},"modified":"2026-03-10T11:43:45","modified_gmt":"2026-03-10T18:43:45","slug":"2018-ttoc-victory","status":"publish","type":"page","link":"https:\/\/tacomatenants.org\/es\/2018-ttoc-victory\/","title":{"rendered":"2018: TTOC Victory"},"content":{"rendered":"<p><em>(This post is from the archive. We will be creating a more detailed history of TTOC soon)<\/em><\/p>\n\n\n\n<p>Estamos encantados de compartir la maravillosa noticia de que ganamos! \u00a1 El Consejo Municipal de Tacoma aprob\u00f3 un\u00e1nimemente las protecciones del inquilino el martes 20 de noviembre! M\u00e1s de 50 de nosotros estuvimos all\u00ed en apoyo y docenas se dirigieron al Consejo, inst\u00e1ndoles a aprobar la Ordenanza. Estamos profundamente agradecidos a todos los inquilinos y partidarios que han luchado tan duro para este nuevo c\u00f3digo, y agradecemos al Consejo de la ciudad de Tacoma por escucharnos y votar s\u00ed! <strong>Grita especialmente al \u00e9lder ChiQuata, al Coordinador de inquilinos de propietarios, y a todo el personal de la ciudad que trabaj\u00f3 tan duro para hacer que esto sucediera.<\/strong><\/p>\n\n\n\n<p>La ciudad ya est\u00e1 recibiendo calor de los propietarios sobre estas nuevas protecciones, y es imperativo que los partidarios compartan con el alcalde y los miembros del Consejo cu\u00e1n cruciales son estas protecciones, y cu\u00e1nto apreciamos que el Consejo hizo lo correcto para los inquilinos y lo correcto para Tacoma. Por favor, t\u00f3mese un momento para agradecerles enviando un correo electr\u00f3nico expresando su gratitud. Sus direcciones de correo electr\u00f3nico est\u00e1n aqu\u00ed:<br><a href=\"mailto:victoria.woodards@cityoftacoma.org\">victoria.woodards@cityoftacoma.org<\/a>; <a href=\"mailto:anders.ibsen@cityoftacoma.org\">anders.ibsen@cityoftacoma.org<\/a>; <a href=\"mailto:robert.thoms@cityoftacoma.org\">robert.thoms@cityoftacoma.org<\/a>; <a href=\"mailto:keith.blocker@cityoftacoma.org\">keith.blocker@cityoftacoma.org<\/a>; <a href=\"mailto:catherine.ushka@cityoftacoma.org\">catherine.ushka@cityoftacoma.org<\/a>; <a href=\"mailto:chris.beale@cityoftacoma.org\">chris.beale@cityoftacoma.org<\/a>; <a href=\"mailto:lillian.hunter@cityoftacoma.org\">lillian.hunter@cityoftacoma.org<\/a>; <a href=\"mailto:conor.mccarthy@cityoftacoma.org\">conor.mccarthy@cityoftacoma.org<\/a>; <a href=\"mailto:ryan.mello@cityoftacoma.org\">ryan.mello@cityoftacoma.org<\/a><\/p>\n\n\n\n<p>A continuaci\u00f3n se muestra s\u00f3lo algunos de los medios de cobertura<br><a href=\"https:\/\/www.thenewstribune.com\/opinion\/editorials\/article222066210.html\">Tacoma News Tribune Editorial:<\/a> \"Los inquilinos de Tacoma con ingresos bajos a moderados se est\u00e1n encontrando cada vez m\u00e1s a merced de los propietarios dispuestos a aprovechar el competitivo mercado inmobiliario de nuestra regi\u00f3n. Es por eso que una nueva ordenanza de la ciudad encabeza nuestra lista de cosas para estar agradecidos por este d\u00eda de acci\u00f3n de gracias \".<br><a href=\"https:\/\/tacomaweekly.com\/news\/council-approves-tenants-rights-package\/?fbclid=IwAR0SFutrLg5k2zMjLP_DVJZQzt_F6bwxVuPaF55roIM8hR_cxbV3B-F1f9E&amp;link_id=12&amp;can_id=03adfd07618cba3914f2cf0bc01c0ccc&amp;source=email-we-did-it-we-won-the-tenant-protections&amp;email_referrer=email_458585&amp;email_subject=we-did-it-we-won-the-tenant-protections\">Tacoma Weekly<\/a>: \"El grupo planea defender el tema en el pr\u00f3ximo a\u00f1o, tanto dentro de la ciudad como con los legisladores estatales durante la pr\u00f3xima sesi\u00f3n legislativa, con el argumento de que las pol\u00edticas de causa justa son necesarias para evitar que los propietarios discriminen contra los inquilinos\".<br><a href=\"https:\/\/q13fox.com\/2018\/11\/21\/tacoma-passes-sweeping-tenants-rights-ordinance\/\">Q13 News<\/a>: \"Esto es s\u00f3lo el principio, dijo Seay.\" No vamos a detenernos; nos vamos al estado; vamos tan lejos como podemos ir.<br><a href=\"https:\/\/komonews.com\/news\/local\/former-tiki-tenants-urge-passage-of-renters-protections-in-tacoma?fbclid=IwAR35f2v9_k_rr87ac4SomEJfPqIPA6dIvOFsJ1BEWnFn-_TrxNk99VlMPiE\">Komo News<\/a>: \"Es asombroso\", dijo Seay. \" S\u00f3lo va a mostrarte lo que puede suceder cuando la gente realmente se re\u00fane \".<\/p>\n\n\n\n<p>El 20 de noviembre, tambi\u00e9n compartimos objeciones a una posible enmienda que eximir\u00eda a los alquileres de familias solteras de asistencia de reubicaci\u00f3n y avisos de 120 d\u00edas en caso de renovaci\u00f3n, demolici\u00f3n o cambio de uso. Sabemos que todos los inquilinos necesitan protecciones iguales, especialmente el 37% en casas unifamiliares que se concentran en central, sur y East Tacoma. Afortunadamente, los miembros del Consejo escucharon nuestras inquietudes, y la enmienda fue retirada antes de ir a una votaci\u00f3n. Las otras enmiendas tomaron medidas valiosas \u2013 incluyendo la informaci\u00f3n de registro de votantes para los inquilinos y hacer que el aviso de 60 d\u00edas para los aumentos de alquiler surtan efecto el 30 de noviembre, en lugar de esperar hasta el 1 de febrero.<\/p>\n\n\n\n<p>El Comit\u00e9 Organizador de los inquilinos de Tacoma tambi\u00e9n sugiri\u00f3 que el aviso de 60 d\u00edas para la terminaci\u00f3n de la tenencia surte efecto inmediatamente. Estamos preocupados, basados en parte por comentarios de propietarios, que algunos inquilinos pueden recibir avisos de 20 d\u00edas entre ahora y la fecha de vigencia del c\u00f3digo de vivienda de alquiler, 1 de febrero. Esperamos que los propietarios no se inclinen a este nivel para evitar las leyes inminentes, pero queremos mantenernos vigilantes. Si usted o cualquier persona que usted conoce recibe un aviso de 20 d\u00edas en el pr\u00f3ximo mes o dos, comun\u00edquese con nosotros: <a href=\"mailto:tacomatenants@gmail.com\">tacomatenants@gmail.com<\/a><\/p>\n\n\n\n<p>Hemos tenido bastante el viaje llegar a este punto, pero esto es s\u00f3lo el comienzo! Todav\u00eda sabemos que tenemos que luchar por <a href=\"http:\/\/www.seattle.gov\/sdci\/codes\/codes-we-enforce-(a-z)\/just-cause-eviction-ordinance\">Protecciones Just Cause<\/a> y <a href=\"http:\/\/time.com\/money\/4062981\/rent-control\/\">control de alquiler<\/a>Y necesitamos que las protecciones de los inquilinos se implementen a nivel estatal. Tambi\u00e9n queremos asegurarnos de que todos los inquilinos de Tacoma conozcan estas nuevas protecciones y sepan reportar cualquier infracci\u00f3n.<\/p>\n\n\n\n<p>\u00a1 Busque oportunidades en las pr\u00f3ximas semanas y meses para conectarse con nosotros! \u00a1 Adelante en la lucha por la justicia inmobiliaria!<\/p>\n\n\n\n<p><strong>Comit\u00e9 Organizador de los inquilinos de Tacoma<\/strong><br><a href=\"mailto:Info@TacomaTenants.org\">Info@TacomaTenants.org<\/a><\/p>\n\n\n\n<p><\/p>","protected":false},"excerpt":{"rendered":"<p>(This post is from the archive. We will be creating a more detailed history of TTOC soon) We are thrilled to share the wonderful news that we won! Tacoma City [&hellip;]<\/p>\n","protected":false},"author":5,"featured_media":0,"parent":0,"menu_order":0,"comment_status":"closed","ping_status":"closed","template":"","meta":{"_themeisle_gutenberg_block_has_review":false,"footnotes":""},"class_list":["post-1035","page","type-page","status-publish","hentry"],"_links":{"self":[{"href":"https:\/\/tacomatenants.org\/es\/wp-json\/wp\/v2\/pages\/1035","targetHints":{"allow":["GET"]}}],"collection":[{"href":"https:\/\/tacomatenants.org\/es\/wp-json\/wp\/v2\/pages"}],"about":[{"href":"https:\/\/tacomatenants.org\/es\/wp-json\/wp\/v2\/types\/page"}],"author":[{"embeddable":true,"href":"https:\/\/tacomatenants.org\/es\/wp-json\/wp\/v2\/users\/5"}],"replies":[{"embeddable":true,"href":"https:\/\/tacomatenants.org\/es\/wp-json\/wp\/v2\/comments?post=1035"}],"version-history":[{"count":2,"href":"https:\/\/tacomatenants.org\/es\/wp-json\/wp\/v2\/pages\/1035\/revisions"}],"predecessor-version":[{"id":1055,"href":"https:\/\/tacomatenants.org\/es\/wp-json\/wp\/v2\/pages\/1035\/revisions\/1055"}],"wp:attachment":[{"href":"https:\/\/tacomatenants.org\/es\/wp-json\/wp\/v2\/media?parent=1035"}],"curies":[{"name":"wp","href":"https:\/\/api.w.org\/{rel}","templated":true}]}}